{"id":4384,"date":"2016-12-04T19:55:32","date_gmt":"2016-12-04T19:55:32","guid":{"rendered":"https:\/\/demo.qantumthemes.xyz\/onair2\/demo4\/sample-page\/"},"modified":"2024-12-12T18:11:08","modified_gmt":"2024-12-12T15:11:08","slug":"hakkimizda","status":"publish","type":"page","link":"https:\/\/radioturk.com.tr\/index.php\/hakkimizda\/","title":{"rendered":"Hakk\u0131m\u0131zda"},"content":{"rendered":"\t\t<div data-elementor-type=\"wp-page\" data-elementor-id=\"4384\" class=\"elementor elementor-4384\">\n\t\t\t\t\t\t<section class=\"elementor-section elementor-top-section elementor-element elementor-element-240ae950 elementor-section-boxed elementor-section-height-default elementor-section-height-default\" data-id=\"240ae950\" data-element_type=\"section\">\n\t\t\t\t\t\t<div class=\"elementor-container elementor-column-gap-default\">\n\t\t\t\t\t<div class=\"elementor-column elementor-col-100 elementor-top-column elementor-element elementor-element-6ab694e1\" data-id=\"6ab694e1\" data-element_type=\"column\">\n\t\t\t<div class=\"elementor-widget-wrap elementor-element-populated\">\n\t\t\t\t\t\t<div class=\"elementor-element elementor-element-1b0cda25 elementor-widget elementor-widget-text-editor\" data-id=\"1b0cda25\" data-element_type=\"widget\" data-widget_type=\"text-editor.default\">\n\t\t\t\t<div class=\"elementor-widget-container\">\n\t\t\t\t\t\t\t<p style=\"text-align: center;\"><strong><span style=\"vertical-align: inherit;\"><span style=\"vertical-align: inherit;\"><span style=\"vertical-align: inherit;\">Radyo T\u00fcrk, T\u00fcrk m\u00fczi\u011finin en se\u00e7kin \u00f6rneklerini dinleyicileriyle payla\u015f\u0131yor.&nbsp;<\/span><\/span><\/span><\/strong><\/p>\n<p><span style=\"vertical-align: inherit;\"><span style=\"vertical-align: inherit;\"><span style=\"vertical-align: inherit;\">Yay\u0131nlar\u0131m\u0131z Karasal 98.00 frekans\u0131nda Kayseri&#8217;ye ve internet arac\u0131l\u0131\u011f\u0131yla d\u00fcnyan\u0131n d\u00f6rt bir yan\u0131ndan ula\u015f\u0131yor. Geleneksel ve modern T\u00fcrk\u00fclerin bulu\u015fma noktas\u0131 olan Radyo T\u00fcrk, dinleyicilerine zengin bir m\u00fczik ve haber i\u00e7eri\u011fi sunuyor.<\/span><\/span><\/span><\/p>\n<p><span style=\"vertical-align: inherit;\"><span style=\"vertical-align: inherit;\"><span style=\"vertical-align: inherit;\">Eski ve yeni T\u00fcrk\u00fclerin armonisi ile dolu bu frekansta, g\u00f6n\u00fcllerdeki en g\u00fczel ezgileri sizlerle bulu\u015fturuyor. T\u00fcrk m\u00fczi\u011finin derinliklerinden ilham alan Radyo T\u00fcrk, her g\u00fcn dinleyicilerine e\u015fsiz bir m\u00fczik keyfi, ayr\u0131ca g\u00fcncel haber b\u00fcltenleri ile bilgilendiriyor.<\/span><\/span><\/span><\/p>\n<p style=\"text-align: center;\"><strong><span style=\"vertical-align: inherit;\"><span style=\"vertical-align: inherit;\"><span style=\"vertical-align: inherit;\">Radyo T\u00fcrk&#8217;\u00fc Dinleyin, Dinlenin.<\/span><\/span><\/span><\/strong><\/p>\n<p><span style=\"vertical-align: inherit;\"><span style=\"vertical-align: inherit;\"><span style=\"vertical-align: inherit;\">Unutmay\u0131n, Radyo T\u00fcrk sadece Kayseri de de\u011fil, internet \u00fczerinden d\u00fcnyan\u0131n her yerinde!<\/span><\/span><\/span><\/p>\n<p><strong>&nbsp;<\/strong><\/p>\n<p><strong><span style=\"vertical-align: inherit;\"><span style=\"vertical-align: inherit;\"><span style=\"vertical-align: inherit;\">Web Sitesi&nbsp; &nbsp; :&nbsp; <\/span><\/span><\/span><\/strong><span style=\"color: #000000;\"><a style=\"color: #000000;\" href=\"http:\/\/www.radioturk.com.tr\"><span style=\"vertical-align: inherit;\"><span style=\"vertical-align: inherit;\"><span style=\"vertical-align: inherit;\">www.radioturk.com.tr<\/span><\/span><\/span><\/a><\/span><\/p>\n<p><strong><span style=\"vertical-align: inherit;\"><span style=\"vertical-align: inherit;\"><span style=\"vertical-align: inherit;\">Google Play : <\/span><\/span><\/span><\/strong><span style=\"color: #000000;\"><a style=\"color: #000000;\" href=\"https:\/\/play.google.com\/store\/apps\/details?id=com.berrsoft.radyoturk\"><span style=\"vertical-align: inherit;\"><span style=\"vertical-align: inherit;\"><span style=\"vertical-align: inherit;\">https:\/\/play.google.com\/store\/apps\/details?id=com.berrsoft.radyoturk<\/span><\/span><\/span><\/a><\/span><\/p>\n<p><strong><span style=\"vertical-align: inherit;\"><span style=\"vertical-align: inherit;\"><span style=\"vertical-align: inherit;\">\u0130OS&nbsp; &nbsp; &nbsp; &nbsp; &nbsp; &nbsp; &nbsp; &nbsp; &nbsp;:&nbsp; <\/span><\/span><\/span><\/strong><span style=\"color: #000000;\"><a style=\"color: #000000;\" href=\"https:\/\/apps.apple.com\/tr\/app\/radyo-t%C3%BCrk-fm-98-0\/id6502285603?l=tr\"><span style=\"vertical-align: inherit;\"><span style=\"vertical-align: inherit;\"><span style=\"vertical-align: inherit;\">https:\/\/apps.apple.com\/tr\/app\/radyo-t%C3%BCrk-fm-98-0\/id6502285603?l=tr<\/span><\/span><\/span><\/a><\/span><\/p>\n<table width=\"484\">\n<tbody>\n<tr>\n<td style=\"text-align: center;\" width=\"174\">&nbsp;<\/td>\n<td style=\"text-align: center;\" width=\"310\">&nbsp;<\/td>\n<\/tr>\n<tr>\n<td>&nbsp;<span style=\"font-weight: bold; text-align: center;\"><span style=\"vertical-align: inherit;\"><span style=\"vertical-align: inherit;\">\u015eirket Ad\u0131<\/span><\/span><\/span><\/td>\n<td><span style=\"font-weight: bold; text-align: center;\"><span style=\"vertical-align: inherit;\"><span style=\"vertical-align: inherit;\">FURKAN RADYO VE TV. YAY. T\u0130C. A.\u015e<\/span><\/span><\/span><\/td>\n<\/tr>\n<tr>\n<td><strong><span style=\"vertical-align: inherit;\"><span style=\"vertical-align: inherit;\"><span style=\"vertical-align: inherit;\">Y\u00f6netim Kurulu Ba\u015fkan\u0131<\/span><\/span><\/span><\/strong><\/td>\n<td><strong><span style=\"vertical-align: inherit;\"><span style=\"vertical-align: inherit;\"><span style=\"vertical-align: inherit;\">Levent ADIG\u00dcZEL<\/span><\/span><\/span><\/strong><\/td>\n<\/tr>\n<tr>\n<td><strong><span style=\"vertical-align: inherit;\"><span style=\"vertical-align: inherit;\"><span style=\"vertical-align: inherit;\">Genel Yay\u0131n Y\u00f6netmeni<\/span><\/span><\/span><\/strong><\/td>\n<td><strong><span style=\"vertical-align: inherit;\"><span style=\"vertical-align: inherit;\"><span style=\"vertical-align: inherit;\">Salih KARAKUZU<\/span><\/span><\/span><\/strong><\/td>\n<\/tr>\n<tr>\n<td><strong><span style=\"vertical-align: inherit;\"><span style=\"vertical-align: inherit;\"><span style=\"vertical-align: inherit;\">Yay\u0131n Kurulu Ba\u015fkan\u0131<\/span><\/span><\/span><\/strong><\/td>\n<td><strong><span style=\"vertical-align: inherit;\"><span style=\"vertical-align: inherit;\"><span style=\"vertical-align: inherit;\">Gazali K\u0130P<\/span><\/span><\/span><\/strong><\/td>\n<\/tr>\n<tr>\n<td><strong><span style=\"vertical-align: inherit;\"><span style=\"vertical-align: inherit;\"><span style=\"vertical-align: inherit;\">Haber M\u00fcd\u00fcr\u00fc<\/span><\/span><\/span><\/strong><\/td>\n<td><strong><span style=\"vertical-align: inherit;\"><span style=\"vertical-align: inherit;\"><span style=\"vertical-align: inherit;\">Ali Serter Esirci<\/span><\/span><\/span><\/strong><\/td>\n<\/tr>\n<tr>\n<td><strong><span style=\"vertical-align: inherit;\"><span style=\"vertical-align: inherit;\"><span style=\"vertical-align: inherit;\">Teknik Masa<\/span><\/span><\/span><\/strong><\/td>\n<td><strong><span style=\"vertical-align: inherit;\"><span style=\"vertical-align: inherit;\"><span style=\"vertical-align: inherit;\">Furkan G\u00dcNG\u00d6REN<\/span><\/span><\/span><\/strong><\/td>\n<\/tr>\n<tr>\n<td><strong><span style=\"vertical-align: inherit;\"><span style=\"vertical-align: inherit;\"><span style=\"vertical-align: inherit;\">Sanat Dan\u0131\u015fman\u0131<\/span><\/span><\/span><\/strong><\/td>\n<td><strong><span style=\"vertical-align: inherit;\"><span style=\"vertical-align: inherit;\"><span style=\"vertical-align: inherit;\">M\u00fckremin \u00d6ZL\u00dc<\/span><\/span><\/span><\/strong><\/td>\n<\/tr>\n<tr>\n<td><strong><span style=\"vertical-align: inherit;\"><span style=\"vertical-align: inherit;\"><span style=\"vertical-align: inherit;\">Mali M\u00fc\u015favir<\/span><\/span><\/span><\/strong><\/td>\n<td><strong><span style=\"vertical-align: inherit;\"><span style=\"vertical-align: inherit;\"><span style=\"vertical-align: inherit;\">Mahmut SUNGUR<\/span><\/span><\/span><\/strong><\/td>\n<\/tr>\n<tr>\n<td><strong><span style=\"vertical-align: inherit;\"><span style=\"vertical-align: inherit;\"><span style=\"vertical-align: inherit;\">Avukat<\/span><\/span><\/span><\/strong><\/td>\n<td><strong><span style=\"vertical-align: inherit;\"><span style=\"vertical-align: inherit;\"><span style=\"vertical-align: inherit;\">Ali Osman BA\u011eIRGAN<\/span><\/span><\/span><\/strong><\/td>\n<\/tr>\n<tr>\n<td><strong><span style=\"vertical-align: inherit;\"><span style=\"vertical-align: inherit;\"><span style=\"vertical-align: inherit;\">Telefon<\/span><\/span><\/span><\/strong><\/td>\n<td><strong><span style=\"vertical-align: inherit;\"><span style=\"vertical-align: inherit;\"><span style=\"vertical-align: inherit;\">0 352 222 90 32<\/span><\/span><\/span><\/strong><\/td>\n<\/tr>\n<tr>\n<td><strong><span style=\"vertical-align: inherit;\"><span style=\"vertical-align: inherit;\"><span style=\"vertical-align: inherit;\">WhatsApp<\/span><\/span><\/span><\/strong><\/td>\n<td><strong><span style=\"vertical-align: inherit;\"><span style=\"vertical-align: inherit;\"><span style=\"vertical-align: inherit;\">0 533 372 98 00<\/span><\/span><\/span><\/strong><\/td>\n<\/tr>\n<tr>\n<td><strong><span style=\"vertical-align: inherit;\"><span style=\"vertical-align: inherit;\"><span style=\"vertical-align: inherit;\">Kep adresi<\/span><\/span><\/span><\/strong><\/td>\n<td><strong><span style=\"vertical-align: inherit;\"><span style=\"vertical-align: inherit;\"><span style=\"vertical-align: inherit;\">furkanradyo@hs03.kep.tr<\/span><\/span><\/span><\/strong><\/td>\n<\/tr>\n<tr>\n<td><strong><span style=\"vertical-align: inherit;\"><span style=\"vertical-align: inherit;\"><span style=\"vertical-align: inherit;\">E-posta<\/span><\/span><\/span><\/strong><\/td>\n<td><strong><a href=\"mailto:kayseri@radioturk.com.tr\"><span style=\"vertical-align: inherit;\"><span style=\"vertical-align: inherit;\"><span style=\"vertical-align: inherit;\">kayseri@radioturk.com.tr<\/span><\/span><\/span><\/a><\/strong><\/td>\n<\/tr>\n<\/tbody>\n<\/table>\t\t\t\t\t\t<\/div>\n\t\t\t\t<\/div>\n\t\t\t\t\t<\/div>\n\t\t<\/div>\n\t\t\t\t\t<\/div>\n\t\t<\/section>\n\t\t\t\t<\/div>\n\t\t","protected":false},"excerpt":{"rendered":"<p>Radyo T\u00fcrk, T\u00fcrk m\u00fczi\u011finin en se\u00e7kin \u00f6rneklerini dinleyicileriyle payla\u015f\u0131yor.&nbsp; Yay\u0131nlar\u0131m\u0131z Karasal 98.00 frekans\u0131nda Kayseri&#8217;ye ve internet arac\u0131l\u0131\u011f\u0131yla d\u00fcnyan\u0131n d\u00f6rt bir yan\u0131ndan ula\u015f\u0131yor. Geleneksel ve modern T\u00fcrk\u00fclerin bulu\u015fma noktas\u0131 olan Radyo T\u00fcrk, dinleyicilerine zengin bir m\u00fczik ve haber i\u00e7eri\u011fi sunuyor. Eski ve yeni T\u00fcrk\u00fclerin armonisi ile dolu bu frekansta, g\u00f6n\u00fcllerdeki en g\u00fczel ezgileri sizlerle bulu\u015fturuyor. T\u00fcrk [&hellip;]<\/p>\n","protected":false},"author":1,"featured_media":0,"parent":0,"menu_order":0,"comment_status":"closed","ping_status":"open","template":"","meta":{"om_disable_all_campaigns":false,"_monsterinsights_skip_tracking":false,"_monsterinsights_sitenote_active":false,"_monsterinsights_sitenote_note":"","_monsterinsights_sitenote_category":0,"footnotes":""},"class_list":["post-4384","page","type-page","status-publish","hentry"],"aioseo_notices":[],"_links":{"self":[{"href":"https:\/\/radioturk.com.tr\/index.php\/wp-json\/wp\/v2\/pages\/4384","targetHints":{"allow":["GET"]}}],"collection":[{"href":"https:\/\/radioturk.com.tr\/index.php\/wp-json\/wp\/v2\/pages"}],"about":[{"href":"https:\/\/radioturk.com.tr\/index.php\/wp-json\/wp\/v2\/types\/page"}],"author":[{"embeddable":true,"href":"https:\/\/radioturk.com.tr\/index.php\/wp-json\/wp\/v2\/users\/1"}],"replies":[{"embeddable":true,"href":"https:\/\/radioturk.com.tr\/index.php\/wp-json\/wp\/v2\/comments?post=4384"}],"version-history":[{"count":35,"href":"https:\/\/radioturk.com.tr\/index.php\/wp-json\/wp\/v2\/pages\/4384\/revisions"}],"predecessor-version":[{"id":5157,"href":"https:\/\/radioturk.com.tr\/index.php\/wp-json\/wp\/v2\/pages\/4384\/revisions\/5157"}],"wp:attachment":[{"href":"https:\/\/radioturk.com.tr\/index.php\/wp-json\/wp\/v2\/media?parent=4384"}],"curies":[{"name":"wp","href":"https:\/\/api.w.org\/{rel}","templated":true}]}}