{"id":2916,"date":"2016-12-12T08:56:32","date_gmt":"2016-12-12T08:56:32","guid":{"rendered":"https:\/\/demo.qantumthemes.xyz\/onair2\/demo4\/archive-podcast-page\/"},"modified":"2024-11-13T09:13:08","modified_gmt":"2024-11-13T06:13:08","slug":"programlar","status":"publish","type":"page","link":"https:\/\/radioturk.com.tr\/index.php\/programlar\/","title":{"rendered":"Programlar"},"content":{"rendered":"\t\t<div data-elementor-type=\"wp-page\" data-elementor-id=\"2916\" class=\"elementor elementor-2916\">\n\t\t\t\t\t\t<section class=\"elementor-section elementor-top-section elementor-element elementor-element-0158ea3 elementor-section-full_width elementor-section-height-default elementor-section-height-default\" data-id=\"0158ea3\" data-element_type=\"section\">\n\t\t\t\t\t\t<div class=\"elementor-container elementor-column-gap-default\">\n\t\t\t\t\t<div class=\"elementor-column elementor-col-100 elementor-top-column elementor-element elementor-element-a46b18e\" data-id=\"a46b18e\" data-element_type=\"column\">\n\t\t\t<div class=\"elementor-widget-wrap elementor-element-populated\">\n\t\t\t\t\t\t<div class=\"elementor-element elementor-element-40c677d elementor-widget elementor-widget-onair-elementor-post-slider\" data-id=\"40c677d\" data-element_type=\"widget\" data-widget_type=\"onair-elementor-post-slider.default\">\n\t\t\t\t<div class=\"elementor-widget-container\">\n\t\t\t\t\t\n\t\t<div class=\"qt-slickslider-container\">\n\t\t\t<div class=\"qt-slickslider qt-invisible qt-animated qt-slickslider-single qt-black-bg\" data-variablewidth=\"true\" data-arrows=\"true\" data-dots=\"true\" data-infinite=\"true\" data-centermode=\"true\" data-pauseonhover=\"true\" data-autoplay=\"true\" data-arrowsmobile=\"false\" data-centermodemobile=\"true\" data-dotsmobile=\"true\" data-variablewidthmobile=\"true\">\n\t\t\t\t\t\t\t\t\t<div class=\"qt-slick-opacity-fx qt-item\">\n\t\t\t\t\t\t<!-- POST HERO ITEM ========================= -->\n<div class=\"qt-part-archive-item qt-part-item-post-hero\">\n\t<div class=\"qt-item-header\">\n\t\t<div class=\"qt-header-top\">\n\t\t\t<div class=\"qt-feedback\">\n\t    \t\t0<i class=\"dripicons-heart\"><\/i>\t    \t<\/div>\n\t    <\/div>\n\t\t<div class=\"qt-header-mid qt-vc\">\n\t\t\t<div class=\"qt-vi\">\n\t\t\t\t<ul class=\"qt-tags\">\n\t\t\t\t\t<li>\n\t\t\t\t\t\t\t\t\t\t\t<\/li>\n\t\t\t\t<\/ul>\n\t\t  \t\t<h2 class=\"qt-title\">\n\t\t\t\t\t<a href=\"https:\/\/radioturk.com.tr\/index.php\/podcast\/mali-rehber\/\" class=\"qt-text-shadow qt-ellipsis-2 qt-t\">\n\t\t\t\t\t\tMali Rehber\t\t\t\t\t<\/a>\n\t\t\t\t<\/h2>\n\t\t\t\t<div class=\"qt-the-content qt-spacer-s small hide-on-med-and-down \">\n\t\t\t\t\t<p class=\"qt-spacer-s qt-text-shadow small qt-ellipsis-2\">\n\t\t\t\t\t\u0130\u015f\u00e7isiniz i\u015f verensiniz haklar\u0131n\u0131z\u0131 biliyor musunuz mali konuda bir\u00e7ok sorunuzun cevab\u0131n\u0131 bulaca\u011f\u0131n\u0131z Mali Rehber program\u0131 Her \u00e7ar\u015famba saat 10 da Radyo T\u00fcrk&#8217;te sizlerle\t\t\t\t\t<\/p>\n\t\t\t\t\t<p><a href=\"https:\/\/radioturk.com.tr\/index.php\/podcast\/mali-rehber\/\" class=\"qt-btn qt-btn-l qt-btn-primary \"><i class=\"dripicons-align-justify\"><\/i><\/a><\/p>\n\t\t\t\t<\/div>\n\t\t\t<\/div>\n\t\t<\/div>\n\t\t\t        <div class=\"qt-header-bg\" data-bgimage=\"https:\/\/radioturk.com.tr\/wp-content\/uploads\/2015\/03\/muhasebe-1024x437.jpg\">\n\t            <img loading=\"lazy\" decoding=\"async\" width=\"1024\" height=\"437\" src=\"https:\/\/radioturk.com.tr\/wp-content\/uploads\/2015\/03\/muhasebe-1024x437.jpg\" class=\"img-responsive activator wp-post-image\" alt=\"\" srcset=\"https:\/\/radioturk.com.tr\/wp-content\/uploads\/2015\/03\/muhasebe-1024x437.jpg 1024w, https:\/\/radioturk.com.tr\/wp-content\/uploads\/2015\/03\/muhasebe-300x128.jpg 300w, https:\/\/radioturk.com.tr\/wp-content\/uploads\/2015\/03\/muhasebe-768x327.jpg 768w, https:\/\/radioturk.com.tr\/wp-content\/uploads\/2015\/03\/muhasebe-1536x655.jpg 1536w, https:\/\/radioturk.com.tr\/wp-content\/uploads\/2015\/03\/muhasebe-100x44.jpg 100w, https:\/\/radioturk.com.tr\/wp-content\/uploads\/2015\/03\/muhasebe.jpg 1900w\" sizes=\"auto, (max-width: 1024px) 100vw, 1024px\" \/>\t        <\/div>\n     \t\t<\/div>\n<\/div>\n<!-- POST HERO ITEM END ========================= -->\n\t\t\t\t\t<\/div>\n\t\t\t\t\t\t\t\t\t\t<div class=\"qt-slick-opacity-fx qt-item\">\n\t\t\t\t\t\t<!-- POST HERO ITEM ========================= -->\n<div class=\"qt-part-archive-item qt-part-item-post-hero\">\n\t<div class=\"qt-item-header\">\n\t\t<div class=\"qt-header-top\">\n\t\t\t<div class=\"qt-feedback\">\n\t    \t\t0<i class=\"dripicons-heart\"><\/i>\t    \t<\/div>\n\t    <\/div>\n\t\t<div class=\"qt-header-mid qt-vc\">\n\t\t\t<div class=\"qt-vi\">\n\t\t\t\t<ul class=\"qt-tags\">\n\t\t\t\t\t<li>\n\t\t\t\t\t\t\t\t\t\t\t<\/li>\n\t\t\t\t<\/ul>\n\t\t  \t\t<h2 class=\"qt-title\">\n\t\t\t\t\t<a href=\"https:\/\/radioturk.com.tr\/index.php\/podcast\/hayat-pusulasi\/\" class=\"qt-text-shadow qt-ellipsis-2 qt-t\">\n\t\t\t\t\t\tHayat Pusulas\u0131\t\t\t\t\t<\/a>\n\t\t\t\t<\/h2>\n\t\t\t\t<div class=\"qt-the-content qt-spacer-s small hide-on-med-and-down \">\n\t\t\t\t\t<p class=\"qt-spacer-s qt-text-shadow small qt-ellipsis-2\">\n\t\t\t\t\t&#8220;Sa\u011fl\u0131kl\u0131 bir toplum, aile i\u00e7i ileti\u015fimden ve g\u00fc\u00e7l\u00fc ba\u011flardan ge\u00e7er&#8221; Toplumun ruh sa\u011fl\u0131\u011f\u0131na yol g\u00f6steren program\u0131, Hayat Pusulas\u0131 Hayat Pusulas\u0131 her Cuma saat 14 de sizlerle\t\t\t\t\t<\/p>\n\t\t\t\t\t<p><a href=\"https:\/\/radioturk.com.tr\/index.php\/podcast\/hayat-pusulasi\/\" class=\"qt-btn qt-btn-l qt-btn-primary \"><i class=\"dripicons-align-justify\"><\/i><\/a><\/p>\n\t\t\t\t<\/div>\n\t\t\t<\/div>\n\t\t<\/div>\n\t\t\t        <div class=\"qt-header-bg\" data-bgimage=\"https:\/\/radioturk.com.tr\/wp-content\/uploads\/2015\/03\/aile-danis-1024x437.jpg\">\n\t            <img loading=\"lazy\" decoding=\"async\" width=\"1024\" height=\"437\" src=\"https:\/\/radioturk.com.tr\/wp-content\/uploads\/2015\/03\/aile-danis-1024x437.jpg\" class=\"img-responsive activator wp-post-image\" alt=\"\" srcset=\"https:\/\/radioturk.com.tr\/wp-content\/uploads\/2015\/03\/aile-danis-1024x437.jpg 1024w, https:\/\/radioturk.com.tr\/wp-content\/uploads\/2015\/03\/aile-danis-300x128.jpg 300w, https:\/\/radioturk.com.tr\/wp-content\/uploads\/2015\/03\/aile-danis-768x327.jpg 768w, https:\/\/radioturk.com.tr\/wp-content\/uploads\/2015\/03\/aile-danis-1536x655.jpg 1536w, https:\/\/radioturk.com.tr\/wp-content\/uploads\/2015\/03\/aile-danis-100x44.jpg 100w, https:\/\/radioturk.com.tr\/wp-content\/uploads\/2015\/03\/aile-danis.jpg 1900w\" sizes=\"auto, (max-width: 1024px) 100vw, 1024px\" \/>\t        <\/div>\n     \t\t<\/div>\n<\/div>\n<!-- POST HERO ITEM END ========================= -->\n\t\t\t\t\t<\/div>\n\t\t\t\t\t\t\t\t\t\t<div class=\"qt-slick-opacity-fx qt-item\">\n\t\t\t\t\t\t<!-- POST HERO ITEM ========================= -->\n<div class=\"qt-part-archive-item qt-part-item-post-hero\">\n\t<div class=\"qt-item-header\">\n\t\t<div class=\"qt-header-top\">\n\t\t\t<div class=\"qt-feedback\">\n\t    \t\t0<i class=\"dripicons-heart\"><\/i>\t    \t<\/div>\n\t    <\/div>\n\t\t<div class=\"qt-header-mid qt-vc\">\n\t\t\t<div class=\"qt-vi\">\n\t\t\t\t<ul class=\"qt-tags\">\n\t\t\t\t\t<li>\n\t\t\t\t\t\t\t\t\t\t\t<\/li>\n\t\t\t\t<\/ul>\n\t\t  \t\t<h2 class=\"qt-title\">\n\t\t\t\t\t<a href=\"https:\/\/radioturk.com.tr\/index.php\/podcast\/gelecegin-tarihi\/\" class=\"qt-text-shadow qt-ellipsis-2 qt-t\">\n\t\t\t\t\t\tGelece\u011fin Tarihi\t\t\t\t\t<\/a>\n\t\t\t\t<\/h2>\n\t\t\t\t<div class=\"qt-the-content qt-spacer-s small hide-on-med-and-down \">\n\t\t\t\t\t<p class=\"qt-spacer-s qt-text-shadow small qt-ellipsis-2\">\n\t\t\t\t\tGe\u00e7mi\u015fi karanl\u0131kta kalm\u0131\u015f tarih gelecegi ayd\u0131nlatamaz Ge\u00e7mi\u015f anla\u015f\u0131lmadan, gelecek in\u015fa edilemez Gelece\u011fin Tarihi, ge\u00e7mi\u015fin izinde gelece\u011fi ayd\u0131nlatan program, Her hafta Per\u015fembe saat 16 da \u00a0Radyo T\u00fcrk&#8217;te sizlerle!&#8221;\t\t\t\t\t<\/p>\n\t\t\t\t\t<p><a href=\"https:\/\/radioturk.com.tr\/index.php\/podcast\/gelecegin-tarihi\/\" class=\"qt-btn qt-btn-l qt-btn-primary \"><i class=\"dripicons-align-justify\"><\/i><\/a><\/p>\n\t\t\t\t<\/div>\n\t\t\t<\/div>\n\t\t<\/div>\n\t\t\t        <div class=\"qt-header-bg\" data-bgimage=\"https:\/\/radioturk.com.tr\/wp-content\/uploads\/2015\/03\/tahihgelecegin-1024x437.jpg\">\n\t            <img loading=\"lazy\" decoding=\"async\" width=\"1024\" height=\"437\" src=\"https:\/\/radioturk.com.tr\/wp-content\/uploads\/2015\/03\/tahihgelecegin-1024x437.jpg\" class=\"img-responsive activator wp-post-image\" alt=\"\" srcset=\"https:\/\/radioturk.com.tr\/wp-content\/uploads\/2015\/03\/tahihgelecegin-1024x437.jpg 1024w, https:\/\/radioturk.com.tr\/wp-content\/uploads\/2015\/03\/tahihgelecegin-300x128.jpg 300w, https:\/\/radioturk.com.tr\/wp-content\/uploads\/2015\/03\/tahihgelecegin-768x327.jpg 768w, https:\/\/radioturk.com.tr\/wp-content\/uploads\/2015\/03\/tahihgelecegin-1536x655.jpg 1536w, https:\/\/radioturk.com.tr\/wp-content\/uploads\/2015\/03\/tahihgelecegin-100x44.jpg 100w, https:\/\/radioturk.com.tr\/wp-content\/uploads\/2015\/03\/tahihgelecegin.jpg 1900w\" sizes=\"auto, (max-width: 1024px) 100vw, 1024px\" \/>\t        <\/div>\n     \t\t<\/div>\n<\/div>\n<!-- POST HERO ITEM END ========================= -->\n\t\t\t\t\t<\/div>\n\t\t\t\t\t\t\t\t\t\t<div class=\"qt-slick-opacity-fx qt-item\">\n\t\t\t\t\t\t<!-- POST HERO ITEM ========================= -->\n<div class=\"qt-part-archive-item qt-part-item-post-hero\">\n\t<div class=\"qt-item-header\">\n\t\t<div class=\"qt-header-top\">\n\t\t\t<div class=\"qt-feedback\">\n\t    \t\t0<i class=\"dripicons-heart\"><\/i>\t    \t<\/div>\n\t    <\/div>\n\t\t<div class=\"qt-header-mid qt-vc\">\n\t\t\t<div class=\"qt-vi\">\n\t\t\t\t<ul class=\"qt-tags\">\n\t\t\t\t\t<li>\n\t\t\t\t\t\t\t\t\t\t\t<\/li>\n\t\t\t\t<\/ul>\n\t\t  \t\t<h2 class=\"qt-title\">\n\t\t\t\t\t<a href=\"https:\/\/radioturk.com.tr\/index.php\/podcast\/haberler\/\" class=\"qt-text-shadow qt-ellipsis-2 qt-t\">\n\t\t\t\t\t\tHaberler\t\t\t\t\t<\/a>\n\t\t\t\t<\/h2>\n\t\t\t\t<div class=\"qt-the-content qt-spacer-s small hide-on-med-and-down \">\n\t\t\t\t\t<p class=\"qt-spacer-s qt-text-shadow small qt-ellipsis-2\">\n\t\t\t\t\t\t\t\t\t\t<\/p>\n\t\t\t\t\t<p><a href=\"https:\/\/radioturk.com.tr\/index.php\/podcast\/haberler\/\" class=\"qt-btn qt-btn-l qt-btn-primary \"><i class=\"dripicons-align-justify\"><\/i><\/a><\/p>\n\t\t\t\t<\/div>\n\t\t\t<\/div>\n\t\t<\/div>\n\t\t\t        <div class=\"qt-header-bg\" data-bgimage=\"https:\/\/radioturk.com.tr\/wp-content\/uploads\/2015\/03\/hab11-1024x437.jpg\">\n\t            <img loading=\"lazy\" decoding=\"async\" width=\"1024\" height=\"437\" src=\"https:\/\/radioturk.com.tr\/wp-content\/uploads\/2015\/03\/hab11-1024x437.jpg\" class=\"img-responsive activator wp-post-image\" alt=\"\" srcset=\"https:\/\/radioturk.com.tr\/wp-content\/uploads\/2015\/03\/hab11-1024x437.jpg 1024w, https:\/\/radioturk.com.tr\/wp-content\/uploads\/2015\/03\/hab11-300x128.jpg 300w, https:\/\/radioturk.com.tr\/wp-content\/uploads\/2015\/03\/hab11-768x327.jpg 768w, https:\/\/radioturk.com.tr\/wp-content\/uploads\/2015\/03\/hab11-1536x655.jpg 1536w, https:\/\/radioturk.com.tr\/wp-content\/uploads\/2015\/03\/hab11-100x44.jpg 100w, https:\/\/radioturk.com.tr\/wp-content\/uploads\/2015\/03\/hab11.jpg 1900w\" sizes=\"auto, (max-width: 1024px) 100vw, 1024px\" \/>\t        <\/div>\n     \t\t<\/div>\n<\/div>\n<!-- POST HERO ITEM END ========================= -->\n\t\t\t\t\t<\/div>\n\t\t\t\t\t\t\t\t\t\t<div class=\"qt-slick-opacity-fx qt-item\">\n\t\t\t\t\t\t<!-- POST HERO ITEM ========================= -->\n<div class=\"qt-part-archive-item qt-part-item-post-hero\">\n\t<div class=\"qt-item-header\">\n\t\t<div class=\"qt-header-top\">\n\t\t\t<div class=\"qt-feedback\">\n\t    \t\t23<i class=\"dripicons-heart\"><\/i>\t    \t<\/div>\n\t    <\/div>\n\t\t<div class=\"qt-header-mid qt-vc\">\n\t\t\t<div class=\"qt-vi\">\n\t\t\t\t<ul class=\"qt-tags\">\n\t\t\t\t\t<li>\n\t\t\t\t\t\t\t\t\t\t\t<\/li>\n\t\t\t\t<\/ul>\n\t\t  \t\t<h2 class=\"qt-title\">\n\t\t\t\t\t<a href=\"https:\/\/radioturk.com.tr\/index.php\/podcast\/uyan-kayseri\/\" class=\"qt-text-shadow qt-ellipsis-2 qt-t\">\n\t\t\t\t\t\tUyan Kayseri\t\t\t\t\t<\/a>\n\t\t\t\t<\/h2>\n\t\t\t\t<div class=\"qt-the-content qt-spacer-s small hide-on-med-and-down \">\n\t\t\t\t\t<p class=\"qt-spacer-s qt-text-shadow small qt-ellipsis-2\">\n\t\t\t\t\tD\u0130NLEMEK \u0130\u00c7\u0130N TIKLA &#8220;Kayseri&#8217;nin nabz\u0131n\u0131 ay\u0131rmaya haz\u0131r m\u0131s\u0131n? Uyan Kayseri, T\u00fcrkiye g\u00fcndemini ve \u015fehrimizi en g\u00fcncel haberlerini, yerel etkinlikleri ve canl\u0131 ya\u015famla bulu\u015fturuyoruz. Uyan Kayseri, Hafta i\u00e7i her sabah 8 de Radyo T\u00fcrk&#8217;te sizlerle &nbsp;\t\t\t\t\t<\/p>\n\t\t\t\t\t<p><a href=\"https:\/\/radioturk.com.tr\/index.php\/podcast\/uyan-kayseri\/\" class=\"qt-btn qt-btn-l qt-btn-primary \"><i class=\"dripicons-align-justify\"><\/i><\/a><\/p>\n\t\t\t\t<\/div>\n\t\t\t<\/div>\n\t\t<\/div>\n\t\t\t        <div class=\"qt-header-bg\" data-bgimage=\"https:\/\/radioturk.com.tr\/wp-content\/uploads\/2017\/01\/deneme-1024x461.jpg\">\n\t            <img loading=\"lazy\" decoding=\"async\" width=\"1024\" height=\"461\" src=\"https:\/\/radioturk.com.tr\/wp-content\/uploads\/2017\/01\/deneme-1024x461.jpg\" class=\"img-responsive activator wp-post-image\" alt=\"\" srcset=\"https:\/\/radioturk.com.tr\/wp-content\/uploads\/2017\/01\/deneme-1024x461.jpg 1024w, https:\/\/radioturk.com.tr\/wp-content\/uploads\/2017\/01\/deneme-300x135.jpg 300w, https:\/\/radioturk.com.tr\/wp-content\/uploads\/2017\/01\/deneme-768x346.jpg 768w, https:\/\/radioturk.com.tr\/wp-content\/uploads\/2017\/01\/deneme-1536x691.jpg 1536w, https:\/\/radioturk.com.tr\/wp-content\/uploads\/2017\/01\/deneme-100x44.jpg 100w, https:\/\/radioturk.com.tr\/wp-content\/uploads\/2017\/01\/deneme.jpg 1800w\" sizes=\"auto, (max-width: 1024px) 100vw, 1024px\" \/>\t        <\/div>\n     \t\t<\/div>\n<\/div>\n<!-- POST HERO ITEM END ========================= -->\n\t\t\t\t\t<\/div>\n\t\t\t\t\t\t\t\t<\/div>\n\t\t<\/div>\n\t\t\t\t<\/div>\n\t\t\t\t<\/div>\n\t\t\t\t\t<\/div>\n\t\t<\/div>\n\t\t\t\t\t<\/div>\n\t\t<\/section>\n\t\t\t\t<\/div>\n\t\t","protected":false},"excerpt":{"rendered":"<p>23 London calling podcast This Radio Station\u00a0Wordpress Theme allows you to create amazing podcast pages. Podcasts can be used with Mixcloud, Soundcloud or simple MP3 files. This is a demo content from Qantum Themes \u2013 Music and Radio WordPress Themes. Lorem ipsum dolor sit amet, consectetur adipiscing elit. Vestibulum sagittis justo eu dapibus fringilla. Vestibulum [&hellip;]<\/p>\n","protected":false},"author":1,"featured_media":0,"parent":0,"menu_order":0,"comment_status":"closed","ping_status":"closed","template":"archive-podcast.php","meta":{"om_disable_all_campaigns":false,"_monsterinsights_skip_tracking":false,"_monsterinsights_sitenote_active":false,"_monsterinsights_sitenote_note":"","_monsterinsights_sitenote_category":0,"footnotes":""},"class_list":["post-2916","page","type-page","status-publish","hentry"],"aioseo_notices":[],"_links":{"self":[{"href":"https:\/\/radioturk.com.tr\/index.php\/wp-json\/wp\/v2\/pages\/2916","targetHints":{"allow":["GET"]}}],"collection":[{"href":"https:\/\/radioturk.com.tr\/index.php\/wp-json\/wp\/v2\/pages"}],"about":[{"href":"https:\/\/radioturk.com.tr\/index.php\/wp-json\/wp\/v2\/types\/page"}],"author":[{"embeddable":true,"href":"https:\/\/radioturk.com.tr\/index.php\/wp-json\/wp\/v2\/users\/1"}],"replies":[{"embeddable":true,"href":"https:\/\/radioturk.com.tr\/index.php\/wp-json\/wp\/v2\/comments?post=2916"}],"version-history":[{"count":3,"href":"https:\/\/radioturk.com.tr\/index.php\/wp-json\/wp\/v2\/pages\/2916\/revisions"}],"predecessor-version":[{"id":4635,"href":"https:\/\/radioturk.com.tr\/index.php\/wp-json\/wp\/v2\/pages\/2916\/revisions\/4635"}],"wp:attachment":[{"href":"https:\/\/radioturk.com.tr\/index.php\/wp-json\/wp\/v2\/media?parent=2916"}],"curies":[{"name":"wp","href":"https:\/\/api.w.org\/{rel}","templated":true}]}}